{"id":12470,"date":"2025-01-31T17:11:48","date_gmt":"2025-01-31T16:11:48","guid":{"rendered":"https:\/\/juliafratichelli.com\/?page_id=12470"},"modified":"2025-05-10T18:19:23","modified_gmt":"2025-05-10T16:19:23","slug":"agb-bhp25","status":"publish","type":"page","link":"https:\/\/juliafratichelli.com\/de\/agb-bhp25\/","title":{"rendered":"AGB BHP25"},"content":{"rendered":"<div data-elementor-type=\"wp-post\" data-elementor-id=\"12470\" class=\"elementor elementor-12470\" data-elementor-post-type=\"page\">\n\t\t\t\t\t\t<section class=\"elementor-section elementor-top-section elementor-element elementor-element-2beccb63 elementor-section-boxed elementor-section-height-default elementor-section-height-default\" data-id=\"2beccb63\" data-element_type=\"section\" data-e-type=\"section\">\n\t\t\t\t\t\t<div class=\"elementor-container elementor-column-gap-default\">\n\t\t\t\t\t<div class=\"elementor-column elementor-col-100 elementor-top-column elementor-element elementor-element-4e37252\" data-id=\"4e37252\" data-element_type=\"column\" data-e-type=\"column\">\n\t\t\t<div class=\"elementor-widget-wrap elementor-element-populated\">\n\t\t\t\t\t\t<div class=\"elementor-element elementor-element-f9dbeda elementor-widget elementor-widget-heading\" data-id=\"f9dbeda\" data-element_type=\"widget\" data-e-type=\"widget\" data-widget_type=\"heading.default\">\n\t\t\t\t<div class=\"elementor-widget-container\">\n\t\t\t\t\t<h2 class=\"elementor-heading-title elementor-size-default\">AGB &amp; Vorauszahlungsvereinbarung f\u00fcr Online-Kurse<\/h2>\t\t\t\t<\/div>\n\t\t\t\t<\/div>\n\t\t\t\t<div class=\"elementor-element elementor-element-f27ab68 elementor-widget elementor-widget-text-editor\" data-id=\"f27ab68\" data-element_type=\"widget\" data-e-type=\"widget\" data-widget_type=\"text-editor.default\">\n\t\t\t\t<div class=\"elementor-widget-container\">\n\t\t\t\t\t\t\t\t\t<h3><b>1. Vertragsparteien<\/b><\/h3>\n<span style=\"font-weight: 400;\">Diese Vereinbarung wird geschlossen zwischen:<\/span>\n<ul>\n \t<li style=\"font-weight: 400;\" aria-level=\"1\"><b>Anbieter:<\/b><span style=\"font-weight: 400;\"> Fratichelli Education Ltd. (in Gr\u00fcndung. Registrierung voraussichtlich bis Juni 2025). Die Rechnung wird erst nach der offiziellen Registrierung durch die neue Firma ausgestellt, sp\u00e4testens bis Juni 2025.<\/span><\/li>\n \t<li style=\"font-weight: 400;\" aria-level=\"1\"><b>Kunde:<\/b><span style=\"font-weight: 400;\"> Person, die die Zahlung t\u00e4tigt und Zugang zum Online-Kurs erh\u00e4lt.<\/span><\/li>\n<\/ul>\n<h3><b>2. Leistungsbeschreibung<\/b><\/h3>\n<ul>\n \t<li style=\"font-weight: 400;\" aria-level=\"1\"><span style=\"font-weight: 400;\">Der Anbieter stellt dem Kunden einen Online-Kurs mit dem Titel <\/span><i><span style=\"font-weight: 400;\">&#8220;<\/span><\/i><b><i>Bridal Hair Pro 2025<\/i><\/b><i><span style=\"font-weight: 400;\">&#8220;<\/span><\/i><span style=\"font-weight: 400;\"> zur Verf\u00fcgung.<\/span><\/li>\n \t<li style=\"font-weight: 400;\" aria-level=\"1\"><span style=\"font-weight: 400;\">Der Kurs umfasst digitale Inhalte, die dem Kunden f\u00fcr unbegrenzte Zeit bereitgestellt werden.<\/span><\/li>\n \t<li style=\"font-weight: 400;\" aria-level=\"1\"><span style=\"font-weight: 400;\">Die Zahlung f\u00fcr den Kurs erfolgt <\/span><b>einmalig<\/b><span style=\"font-weight: 400;\">, es gibt <\/span><b>keine weiteren oder versteckten Kosten<\/b><span style=\"font-weight: 400;\">.<\/span><\/li>\n \t<li style=\"font-weight: 400;\" aria-level=\"1\"><span style=\"font-weight: 400;\">Der Kunde erh\u00e4lt nach erfolgreicher Zahlung <\/span><b>sofortigen Zugriff<\/b><span style=\"font-weight: 400;\"> auf die ersten Kursinhalte.<\/span><\/li>\n \t<li style=\"font-weight: 400;\" aria-level=\"1\"><b>Drip-Freischaltung:<\/b><span style=\"font-weight: 400;\"> Der Kurs wird schrittweise freigeschaltet, um eine optimale Lernerfahrung und Betreuung zu gew\u00e4hrleisten. Neue Module erscheinen regelm\u00e4\u00dfig (bspw. w\u00f6chentlich), bis alle Inhalte vollst\u00e4ndig ver\u00f6ffentlicht sind.<\/span><\/li>\n<\/ul>\n<h3><b>3. Vorauszahlung &amp; Rechnungsstellung<\/b><\/h3>\n<ul>\n \t<li style=\"font-weight: 400;\" aria-level=\"1\"><span style=\"font-weight: 400;\">Die Zahlung erfolgt als <\/span><b>Vorauszahlung<\/b><span style=\"font-weight: 400;\"> f\u00fcr die zuk\u00fcnftige Bereitstellung des Online-Kurses. Sofortiger (Teil-) Zugriff der Kursinhalte erfolgt unmittelbar nach Zahlung. (Siehe Punkt \u201c<\/span><b>Drip-Freischaltung<\/b><span style=\"font-weight: 400;\">\u201d)<\/span><\/li>\n \t<li style=\"font-weight: 400;\" aria-level=\"1\"><b><mark>Die Rechnung f\u00fcr diese Zahlung wird erst nach der registrierten Firmengr\u00fcndung des Anbieters (Fratichelli Education Ltd.) ausgestellt, sp\u00e4testens im Juni 2025<span style=\"font-weight: 400;\">. <\/span>Beim Kauf dieses Produktes stimmst du dieser Vereinbarung ausdr\u00fccklich zu.<\/b><\/mark><span style=\"font-weight: 400;\"> Ein Kauf ohne diese Zustimmung ist nicht m\u00f6glich. Eine Unterschrift ist nicht erforderlich. Eine Zahlungsbest\u00e4tigung wird jedoch nach erfolgter Zahlung ausgestellt.<\/span><\/li>\n \t<li style=\"font-weight: 400;\" aria-level=\"1\"><span style=\"font-weight: 400;\">Die vollst\u00e4ndige Zuordnung der Zahlung (+ sp\u00e4tere Rechnung) erfolgt zugunsten der neu gegr\u00fcndeten Firma Fratichelli Education Ltd..<\/span><\/li>\n \t<li style=\"font-weight: 400;\" aria-level=\"1\"><span style=\"font-weight: 400;\">Bis zur offiziellen Firmengr\u00fcndung wird die Zahlung als Vorauszahlung f\u00fcr zuk\u00fcnftige Leistungen verbucht und erst nach der Firmengr\u00fcndung als endg\u00fcltiger Umsatz ausgewiesen.<\/span><\/li>\n<\/ul>\n<h3><b>4. Leistungszeitraum &amp; Zugriffsrechte<\/b><\/h3>\n<ul>\n \t<li style=\"font-weight: 400;\" aria-level=\"1\"><span style=\"font-weight: 400;\">Der Kunde erh\u00e4lt nach Zahlung sofort Zugang zu den ersten Inhalten.<\/span><\/li>\n \t<li style=\"font-weight: 400;\" aria-level=\"1\"><span style=\"font-weight: 400;\">Die Inhalte werden schrittweise ver\u00f6ffentlicht, bis der Kurs vollst\u00e4ndig ist.<\/span><\/li>\n \t<li style=\"font-weight: 400;\" aria-level=\"1\"><span style=\"font-weight: 400;\">Der vollst\u00e4ndige Leistungszeitraum ist <\/span><b>10.02.2025 \u2013 31.12.2025<\/b><span style=\"font-weight: 400;\">.<\/span><\/li>\n \t<li style=\"font-weight: 400;\" aria-level=\"1\"><span style=\"font-weight: 400;\">Der Zugriff bleibt lebenslang bestehen, sofern der Anbieter seine Plattform weiter betreibt oder keine unvorhersehbaren technischen oder wirtschaftlichen Umst\u00e4nde den Betrieb unm\u00f6glich machen.<\/span><\/li>\n<\/ul>\n<h3><b>5. Keine weiteren Kosten oder Verpflichtungen<\/b><\/h3>\n<ul>\n \t<li style=\"font-weight: 400;\" aria-level=\"1\"><span style=\"font-weight: 400;\">Mit dieser Einmalzahlung entstehen dem Kunden <\/span><b>keine weiteren Kosten oder Geb\u00fchren<\/b><span style=\"font-weight: 400;\">.<\/span><\/li>\n \t<li style=\"font-weight: 400;\" aria-level=\"1\"><span style=\"font-weight: 400;\">Es gibt <\/span><b>keine Abo-Modelle, keine versteckten Kosten und keine zus\u00e4tzlichen Zahlungsaufforderungen.<\/b><\/li>\n<\/ul>\n<h3><b>6. Widerrufsrecht &amp; R\u00fcckerstattungen<\/b><\/h3>\n<ul>\n \t<li style=\"font-weight: 400;\" aria-level=\"1\"><span style=\"font-weight: 400;\">Da es sich um digitale Inhalte handelt, die dem Kunden nach Zahlung sofort zur Verf\u00fcgung stehen, besteht <\/span><b>kein Widerrufsrecht<\/b><span style=\"font-weight: 400;\"> nach \u00a7 356 Abs. 5 BGB.<\/span><\/li>\n \t<li style=\"font-weight: 400;\" aria-level=\"1\"><span style=\"font-weight: 400;\">Eine <\/span><b>R\u00fcckerstattung ist ausgeschlossen<\/b><span style=\"font-weight: 400;\">, unabh\u00e4ngig davon, ob alle Module bereits freigeschaltet wurden oder nicht.<\/span><\/li>\n \t<li style=\"font-weight: 400;\" aria-level=\"1\"><span style=\"font-weight: 400;\">Der Kunde erkl\u00e4rt sich mit dem Kauf ausdr\u00fccklich damit einverstanden, dass der Kurs schrittweise (\u201eDrip-Freischaltung\u201c) ver\u00f6ffentlicht wird und er keinen Anspruch auf eine sofortige Bereitstellung aller Inhalte hat.<\/span><\/li>\n \t<li style=\"font-weight: 400;\" aria-level=\"1\"><span style=\"font-weight: 400;\">Der Anbieter beh\u00e4lt sich das Recht vor, in individuellen Ausnahmef\u00e4llen nach eigenem Ermessen eine anteilige oder vollst\u00e4ndige R\u00fcckerstattung zu gew\u00e4hren.<\/span><\/li>\n<\/ul>\n<h3><b>7. Geltendes Recht &amp; Gerichtsstand<\/b><\/h3>\n<ul>\n \t<li style=\"font-weight: 400;\" aria-level=\"1\"><span style=\"font-weight: 400;\">Diese Vereinbarung unterliegt dem Recht von Malta.<\/span><\/li>\n \t<li style=\"font-weight: 400;\" aria-level=\"1\"><span style=\"font-weight: 400;\">Der Gerichtsstand f\u00fcr Streitigkeiten ist Malta.<\/span><\/li>\n<\/ul>\n<h3><b>8. Zustimmung durch den Kunden<\/b><\/h3>\n<ul>\n \t<li style=\"font-weight: 400;\" aria-level=\"1\">Durch das Setzen eines H\u00e4kchens vor Abschluss der Bestellung erkl\u00e4rt der Kunde, dass er diese Vereinbarung <b>GELESEN und AKZEPTIERT<\/b> hat.<\/li>\n<\/ul>\n<span style=\"font-weight: 400;\">Bei Fragen hierzu, bitte ausschlie\u00dflich per Email an Support wenden:<\/span><br>\n\n<span style=\"font-weight: 400;\">akademie@juliafratichelli.com<\/span>\t\t\t\t\t\t\t\t<\/div>\n\t\t\t\t<\/div>\n\t\t\t\t<div class=\"elementor-element elementor-element-f975fbe elementor-widget-divider--view-line elementor-widget elementor-widget-divider\" data-id=\"f975fbe\" data-element_type=\"widget\" data-e-type=\"widget\" data-widget_type=\"divider.default\">\n\t\t\t\t<div class=\"elementor-widget-container\">\n\t\t\t\t\t\t\t<div class=\"elementor-divider\">\n\t\t\t<span class=\"elementor-divider-separator\">\n\t\t\t\t\t\t<\/span>\n\t\t<\/div>\n\t\t\t\t\t\t<\/div>\n\t\t\t\t<\/div>\n\t\t\t\t<div class=\"elementor-element elementor-element-8d84b5c elementor-widget elementor-widget-heading\" data-id=\"8d84b5c\" data-element_type=\"widget\" data-e-type=\"widget\" data-widget_type=\"heading.default\">\n\t\t\t\t<div class=\"elementor-widget-container\">\n\t\t\t\t\t<h2 class=\"elementor-heading-title elementor-size-default\">Terms &amp; Prepayment Agreement for Online Courses<br>(ENGLISH Version)<\/h2>\t\t\t\t<\/div>\n\t\t\t\t<\/div>\n\t\t\t\t<div class=\"elementor-element elementor-element-3cc8807 elementor-widget elementor-widget-text-editor\" data-id=\"3cc8807\" data-element_type=\"widget\" data-e-type=\"widget\" data-widget_type=\"text-editor.default\">\n\t\t\t\t<div class=\"elementor-widget-container\">\n\t\t\t\t\t\t\t\t\t<h4><b>1. Contracting Parties<\/b><\/h4>\n<span style=\"font-weight: 400;\">This agreement is made between:<\/span>\n<ul>\n \t<li style=\"font-weight: 400;\" aria-level=\"1\"><b>Provider:<\/b> <i><span style=\"font-weight: 400;\">Fratichelli Education Ltd. (in formation, expected registration by June 2025). The invoice will only be issued after the official registration of the new company, no later than June 2025.<\/span><\/i><\/li>\n \t<li style=\"font-weight: 400;\" aria-level=\"1\"><b>Customer:<\/b> <i><span style=\"font-weight: 400;\">The person who makes the payment and gains access to the online course.<\/span><\/i><\/li>\n<\/ul>\n<h3><\/h3>\n<h4><b>2. Service Description<\/b><\/h4>\n<ul>\n \t<li style=\"font-weight: 400;\" aria-level=\"1\"><span style=\"font-weight: 400;\">The provider offers the customer an <\/span><b>online course<\/b><span style=\"font-weight: 400;\"> titled <\/span><i><span style=\"font-weight: 400;\">&#8220;Bridal Hair Pro 2025&#8221;.<\/span><\/i><\/li>\n \t<li style=\"font-weight: 400;\" aria-level=\"1\"><span style=\"font-weight: 400;\">The course includes <\/span><b>digital content<\/b><span style=\"font-weight: 400;\">, which will be made available to the customer for an unlimited time.<\/span><\/li>\n \t<li style=\"font-weight: 400;\" aria-level=\"1\"><span style=\"font-weight: 400;\">The payment for the course is <\/span><b>one-time only<\/b><span style=\"font-weight: 400;\">; there are <\/span><b>no additional or hidden costs<\/b><span style=\"font-weight: 400;\">.<\/span><\/li>\n \t<li style=\"font-weight: 400;\" aria-level=\"1\"><span style=\"font-weight: 400;\">The customer will receive <\/span><b>immediate access<\/b><span style=\"font-weight: 400;\"> to the initial course content upon successful payment.<\/span><\/li>\n \t<li style=\"font-weight: 400;\" aria-level=\"1\"><b>Drip release:<\/b><span style=\"font-weight: 400;\"> The course will be released gradually to ensure optimal learning and support. New modules will be made available regularly (e.g., weekly) until all content is fully published.<\/span><\/li>\n<\/ul>\n<h3><\/h3>\n<h4><b>3. Prepayment &amp; Invoicing<\/b><\/h4>\n<ul>\n \t<li style=\"font-weight: 400;\" aria-level=\"1\"><span style=\"font-weight: 400;\">The payment is considered a <\/span><b>prepayment<\/b><span style=\"font-weight: 400;\"> for the future provision of the online course. Immediate <\/span><b>(partial) access<\/b><span style=\"font-weight: 400;\"> to course content will be granted upon payment. (See \u201cDrip Release\u201d section).<\/span><\/li>\n \t<li style=\"font-weight: 400;\" aria-level=\"1\"><span style=\"font-weight: 400;\"><mark><b>The invoice for this payment will only be issued after the registered incorporation of the provider (Fratichelli Education Ltd.), no later than June 2025.\u00a0By purchasing this product, the customer explicitly agrees to this agreement.<\/mark><\/b>A purchase without this agreement is not possible.<span style=\"color: var( --e-global-color-text ); font-family: var( --e-global-typography-text-font-family ), Sans-serif; font-size: var( --e-global-typography-text-font-size );\"> No signature is required.\u00a0<\/span>A payment confirmation<span style=\"color: var( --e-global-color-text ); font-family: var( --e-global-typography-text-font-family ), Sans-serif; font-size: var( --e-global-typography-text-font-size );\"> will be issued upon successful payment.<\/span><\/span><\/li>\n \t<li style=\"font-weight: 400;\" aria-level=\"1\"><span style=\"font-weight: 400;\">The full allocation of the payment (+ subsequent invoice) will be assigned to the newly established company <\/span><b>Fratichelli Education Ltd.<\/b><\/li>\n \t<li style=\"font-weight: 400;\" aria-level=\"1\"><span style=\"font-weight: 400;\">Until the official incorporation of the company, the payment will be <\/span><b>recorded as a prepayment for future services and only recognized as final revenue after the company is formed.<\/b><\/li>\n<\/ul>\n<h3><\/h3>\n<h4><b>4. Service Period &amp; Access Rights<\/b><\/h4>\n<ul>\n \t<li style=\"font-weight: 400;\" aria-level=\"1\"><span style=\"font-weight: 400;\">The customer receives immediate access to the first course content upon payment.<\/span><\/li>\n \t<li style=\"font-weight: 400;\" aria-level=\"1\"><span style=\"font-weight: 400;\">The content will be <\/span><b>gradually released<\/b><span style=\"font-weight: 400;\"> until the course is fully available.<\/span><\/li>\n \t<li style=\"font-weight: 400;\" aria-level=\"1\"><span style=\"font-weight: 400;\">The full <\/span><b>service period<\/b><span style=\"font-weight: 400;\"> is from <\/span><b>February 10, 2025 \u2013 December 31, 2025.<\/b><\/li>\n \t<li style=\"font-weight: 400;\" aria-level=\"1\"><b>Lifetime access:<\/b><span style=\"font-weight: 400;\"> The customer will retain access to the course <\/span><b>as long as the provider continues to operate its platform or unless unforeseen technical or economic circumstances make operation impossible.<\/b><\/li>\n<\/ul>\n<h3><\/h3>\n<h4><b>5. No Additional Costs or Obligations<\/b><\/h4>\n<ul>\n \t<li style=\"font-weight: 400;\" aria-level=\"1\"><span style=\"font-weight: 400;\">This <\/span><b>one-time payment<\/b><span style=\"font-weight: 400;\"> incurs <\/span><b>no additional fees or charges<\/b><span style=\"font-weight: 400;\"> for the customer.<\/span><\/li>\n \t<li style=\"font-weight: 400;\" aria-level=\"1\"><span style=\"font-weight: 400;\">There are <\/span><b>no subscription models, no hidden costs, and no additional payment requests.<\/b><\/li>\n<\/ul>\n<h3><\/h3>\n<h4><b>6. Right of Withdrawal &amp; Refund Policy<\/b><\/h4>\n<ul>\n \t<li style=\"font-weight: 400;\" aria-level=\"1\"><span style=\"font-weight: 400;\">As this is <\/span><b>digital content that is made available to the customer immediately after payment<\/b><span style=\"font-weight: 400;\">, there is <\/span><b>no right of withdrawal<\/b><span style=\"font-weight: 400;\"> pursuant to <\/span><b>\u00a7 356 (5) BGB (German Civil Code).<\/b><\/li>\n \t<li style=\"font-weight: 400;\" aria-level=\"1\"><b>Refunds are excluded,<\/b><span style=\"font-weight: 400;\"> regardless of whether all modules have already been unlocked or not.<\/span><\/li>\n \t<li style=\"font-weight: 400;\" aria-level=\"1\"><span style=\"font-weight: 400;\">By purchasing, the customer <\/span><b>explicitly agrees<\/b><span style=\"font-weight: 400;\"> that the course will be released gradually (&#8220;drip release&#8221;) and that they <\/span><b>are not entitled to immediate access to all content.<\/b><\/li>\n \t<li style=\"font-weight: 400;\" aria-level=\"1\"><span style=\"font-weight: 400;\">The provider reserves the right to, <\/span><b>in individual exceptional cases, grant a partial or full refund at their sole discretion.<\/b><\/li>\n<\/ul>\n<h3><\/h3>\n<h4><b>7. Applicable Law &amp; Jurisdiction<\/b><\/h4>\n<ul>\n \t<li style=\"font-weight: 400;\" aria-level=\"1\"><span style=\"font-weight: 400;\">This agreement is governed by <\/span><b>the laws of Malta.<\/b><\/li>\n \t<li style=\"font-weight: 400;\" aria-level=\"1\"><span style=\"font-weight: 400;\">The <\/span><b>place of jurisdiction for disputes is Malta.<\/b><\/li>\n<\/ul>\n<h3><\/h3>\n<h4><b>8. Customer Consent<\/b><\/h4>\n<ul>\n \t<li style=\"font-weight: 400;\" aria-level=\"1\"><span style=\"font-weight: 400;\">By <\/span><b>checking the box before completing the purchase<\/b><span style=\"font-weight: 400;\">, the customer confirms that they have <\/span><b>READ and ACCEPTED<\/b><span style=\"font-weight: 400;\"> this agreement.<\/span><\/li>\n<\/ul>\n<span style=\"font-weight: 400;\">For inquiries regarding this agreement, customers may contact support exclusively via email at:<\/span><span style=\"font-weight: 400;\">\n<\/span><span style=\"font-weight: 400;\"><br>akademie@juliafratichelli.com<\/span>\t\t\t\t\t\t\t\t<\/div>\n\t\t\t\t<\/div>\n\t\t\t\t\t<\/div>\n\t\t<\/div>\n\t\t\t\t\t<\/div>\n\t\t<\/section>\n\t\t\t\t<\/div>","protected":false},"excerpt":{"rendered":"<p>AGB &#038; Vorauszahlungsvereinbarung f\u00fcr Online-Kurse 1. Vertragsparteien Diese Vereinbarung wird geschlossen zwischen: Anbieter: Fratichelli Education Ltd. (in Gr\u00fcndung. Registrierung voraussichtlich bis Juni 2025). Die Rechnung wird erst nach der offiziellen Registrierung durch die neue Firma ausgestellt, sp\u00e4testens bis Juni 2025. Kunde: Person, die die Zahlung t\u00e4tigt und Zugang zum Online-Kurs erh\u00e4lt. 2. Leistungsbeschreibung Der Anbieter [&hellip;]<\/p>\n","protected":false},"author":1,"featured_media":0,"parent":0,"menu_order":0,"comment_status":"closed","ping_status":"closed","template":"elementor_canvas","meta":{"footnotes":""},"folder":[236],"class_list":["post-12470","page","type-page","status-publish","hentry","wpbf-post"],"_links":{"self":[{"href":"https:\/\/juliafratichelli.com\/de\/wp-json\/wp\/v2\/pages\/12470","targetHints":{"allow":["GET"]}}],"collection":[{"href":"https:\/\/juliafratichelli.com\/de\/wp-json\/wp\/v2\/pages"}],"about":[{"href":"https:\/\/juliafratichelli.com\/de\/wp-json\/wp\/v2\/types\/page"}],"author":[{"embeddable":true,"href":"https:\/\/juliafratichelli.com\/de\/wp-json\/wp\/v2\/users\/1"}],"replies":[{"embeddable":true,"href":"https:\/\/juliafratichelli.com\/de\/wp-json\/wp\/v2\/comments?post=12470"}],"version-history":[{"count":22,"href":"https:\/\/juliafratichelli.com\/de\/wp-json\/wp\/v2\/pages\/12470\/revisions"}],"predecessor-version":[{"id":13366,"href":"https:\/\/juliafratichelli.com\/de\/wp-json\/wp\/v2\/pages\/12470\/revisions\/13366"}],"wp:attachment":[{"href":"https:\/\/juliafratichelli.com\/de\/wp-json\/wp\/v2\/media?parent=12470"}],"wp:term":[{"taxonomy":"folder","embeddable":true,"href":"https:\/\/juliafratichelli.com\/de\/wp-json\/wp\/v2\/folder?post=12470"}],"curies":[{"name":"wp","href":"https:\/\/api.w.org\/{rel}","templated":true}]}}