{"id":16247,"date":"2026-03-25T19:58:22","date_gmt":"2026-03-25T18:58:22","guid":{"rendered":"https:\/\/juliafratichelli.com\/?page_id=16247"},"modified":"2026-03-25T20:17:28","modified_gmt":"2026-03-25T19:17:28","slug":"agb-kurse","status":"publish","type":"page","link":"https:\/\/juliafratichelli.com\/de\/agb-kurse\/","title":{"rendered":"AGB Kurse"},"content":{"rendered":"<div data-elementor-type=\"wp-post\" data-elementor-id=\"16247\" class=\"elementor elementor-16247\" data-elementor-post-type=\"page\">\n\t\t\t\t\t\t<section class=\"elementor-section elementor-top-section elementor-element elementor-element-2beccb63 elementor-section-boxed elementor-section-height-default elementor-section-height-default\" data-id=\"2beccb63\" data-element_type=\"section\" data-e-type=\"section\">\n\t\t\t\t\t\t<div class=\"elementor-container elementor-column-gap-default\">\n\t\t\t\t\t<div class=\"elementor-column elementor-col-100 elementor-top-column elementor-element elementor-element-4e37252\" data-id=\"4e37252\" data-element_type=\"column\" data-e-type=\"column\">\n\t\t\t<div class=\"elementor-widget-wrap elementor-element-populated\">\n\t\t\t\t\t\t<div class=\"elementor-element elementor-element-f9dbeda elementor-widget elementor-widget-heading\" data-id=\"f9dbeda\" data-element_type=\"widget\" data-e-type=\"widget\" data-widget_type=\"heading.default\">\n\t\t\t\t<div class=\"elementor-widget-container\">\n\t\t\t\t\t<h2 class=\"elementor-heading-title elementor-size-default\">AGB &amp; Zahlungsvereinbarung f\u00fcr Online-Kurse<\/h2>\t\t\t\t<\/div>\n\t\t\t\t<\/div>\n\t\t\t\t<div class=\"elementor-element elementor-element-53db62d elementor-widget elementor-widget-text-editor\" data-id=\"53db62d\" data-element_type=\"widget\" data-e-type=\"widget\" data-widget_type=\"text-editor.default\">\n\t\t\t\t<div class=\"elementor-widget-container\">\n\t\t\t\t\t\t\t\t\t<p data-start=\"222\" data-end=\"245\"><strong data-start=\"222\" data-end=\"245\">1. Vertragsparteien<\/strong><\/p><p data-start=\"247\" data-end=\"292\">Diese Vereinbarung wird geschlossen zwischen:<\/p><p data-start=\"294\" data-end=\"439\">Anbieter: Fratichelli Education Ltd.<br data-start=\"330\" data-end=\"333\" \/>Kunde: Jede nat\u00fcrliche oder juristische Person, die eine Zahlung t\u00e4tigt und Zugang zum Online-Kurs erh\u00e4lt.<\/p><p data-start=\"446\" data-end=\"474\"><strong data-start=\"446\" data-end=\"474\">2. Leistungsbeschreibung<\/strong><\/p><p data-start=\"476\" data-end=\"567\">Der Anbieter stellt dem Kunden einen Online-Kurs in Form digitaler Inhalte zur Verf\u00fcgung.<\/p><p data-start=\"569\" data-end=\"651\">Die Inhalte werden dem Kunden grunds\u00e4tzlich zeitlich unbefristet bereitgestellt.<\/p><p data-start=\"653\" data-end=\"791\">Die Verg\u00fctung erfolgt einmalig. Es bestehen keine weiteren oder versteckten Kosten. Ratenzahlungen k\u00f6nnen je nach Kurs angeboten werden.<\/p><p data-start=\"793\" data-end=\"874\">Der Kunde erh\u00e4lt nach erfolgreicher Zahlung Zugriff auf die ersten Kursinhalte.<\/p><p data-start=\"876\" data-end=\"1208\">Der Anbieter beh\u00e4lt sich vor, Inhalte im Rahmen einer sogenannten \u201eDrip-Freischaltung\u201c schrittweise bereitzustellen, um eine strukturierte Lernerfahrung zu gew\u00e4hrleisten. In diesem Fall werden Module oder Lektionen in regelm\u00e4\u00dfigen Abst\u00e4nden (z. B. w\u00f6chentlich) freigeschaltet, bis s\u00e4mtliche Inhalte vollst\u00e4ndig zur Verf\u00fcgung stehen.<\/p><p data-start=\"1215\" data-end=\"1255\"><strong data-start=\"1215\" data-end=\"1255\">3. Vorauszahlung &amp; Rechnungsstellung<\/strong><\/p><p data-start=\"1257\" data-end=\"1336\">Die Bereitstellung der Leistungen erfolgt ausschlie\u00dflich gegen Vorauszahlung.<\/p><p data-start=\"1338\" data-end=\"1460\">Der (Teil-)Zugriff auf die Kursinhalte wird unmittelbar nach Zahlungseingang gew\u00e4hrt (siehe Punkt \u201eDrip-Freischaltung\u201c).<\/p><p data-start=\"1462\" data-end=\"1581\">Die Rechnungsstellung erfolgt automatisiert per E-Mail an die vom Kunden im Bestellprozess angegebene E-Mail-Adresse.<\/p><p data-start=\"1583\" data-end=\"1803\">Der Kunde ist verpflichtet, eine korrekte und empfangsf\u00e4hige E-Mail-Adresse anzugeben. F\u00fcr Fehler bei der Angabe der E-Mail-Adresse sowie f\u00fcr daraus resultierende Zustellungsprobleme \u00fcbernimmt der Anbieter keine Haftung.<\/p><p data-start=\"1810\" data-end=\"1851\"><strong data-start=\"1810\" data-end=\"1851\">4. Leistungszeitraum &amp; Zugriffsrechte<\/strong><\/p><p data-start=\"1853\" data-end=\"1935\">Der Kunde erh\u00e4lt nach Zahlungseingang Zugriff auf die ersten Inhalte des Kurses.<\/p><p data-start=\"1937\" data-end=\"2055\">Die vollst\u00e4ndigen Inhalte werden \u2013 sofern vorgesehen \u2013 im Rahmen der Drip-Freischaltung schrittweise bereitgestellt.<\/p><p data-start=\"2057\" data-end=\"2209\">Der Zugriff auf die Kursinhalte wird zeitlich unbefristet gew\u00e4hrt, vorbehaltlich der technischen und wirtschaftlichen Betriebsf\u00e4higkeit der Plattform.<\/p><p data-start=\"2211\" data-end=\"2349\">Der Anbieter \u00fcbernimmt keine Gew\u00e4hr f\u00fcr eine dauerhafte Verf\u00fcgbarkeit der Inhalte in F\u00e4llen, die au\u00dferhalb seines Einflussbereichs liegen.<\/p><p data-start=\"2356\" data-end=\"2405\"><strong data-start=\"2356\" data-end=\"2405\">5. Keine weiteren Kosten oder Verpflichtungen<\/strong><\/p><p data-start=\"2407\" data-end=\"2510\">Mit der einmaligen Zahlung entstehen dem Kunden keine weiteren Kosten oder laufenden Verpflichtungen.<\/p><p data-start=\"2512\" data-end=\"2564\">Es besteht insbesondere kein Abonnementverh\u00e4ltnis.<\/p><p data-start=\"2566\" data-end=\"2779\">Im Falle einer vereinbarten Ratenzahlung verpflichtet sich der Kunde, die vereinbarten Teilbetr\u00e4ge in der im Kaufprozess festgelegten H\u00f6he und F\u00e4lligkeit vollst\u00e4ndig zu leisten, bis der Gesamtbetrag beglichen ist.<\/p><p data-start=\"2786\" data-end=\"2826\"><strong data-start=\"2786\" data-end=\"2826\">6. Widerrufsrecht &amp; R\u00fcckerstattungen<\/strong><\/p><p data-start=\"2828\" data-end=\"2960\">Bei den angebotenen Leistungen handelt es sich um digitale Inhalte, die nicht auf einem k\u00f6rperlichen Datentr\u00e4ger geliefert werden.<\/p><p data-start=\"2962\" data-end=\"3204\">Der Kunde stimmt ausdr\u00fccklich zu, dass der Anbieter vor Ablauf der Widerrufsfrist mit der Ausf\u00fchrung des Vertrags beginnt. Gleichzeitig best\u00e4tigt der Kunde, dass er durch diese Zustimmung sein Widerrufsrecht gem\u00e4\u00df \u00a7 356 Abs. 5 BGB verliert.<\/p><p data-start=\"3206\" data-end=\"3363\">Eine R\u00fcckerstattung des Kaufpreises ist grunds\u00e4tzlich ausgeschlossen. Dies gilt unabh\u00e4ngig davon, ob bereits alle Inhalte freigeschaltet wurden oder nicht.<\/p><p data-start=\"3365\" data-end=\"3536\">Der Kunde erkennt an, dass die Inhalte ggf. schrittweise (\u201eDrip-Freischaltung\u201c) bereitgestellt werden und kein Anspruch auf sofortige vollst\u00e4ndige Verf\u00fcgbarkeit besteht.<\/p><p data-start=\"3538\" data-end=\"3712\">Der Anbieter beh\u00e4lt sich das Recht vor, in Einzelf\u00e4llen nach eigenem Ermessen eine anteilige oder vollst\u00e4ndige R\u00fcckerstattung zu gew\u00e4hren. Ein Anspruch hierauf besteht nicht.<\/p><p data-start=\"3719\" data-end=\"3757\"><strong data-start=\"3719\" data-end=\"3757\">7. Geltendes Recht &amp; Gerichtsstand<\/strong><\/p><p data-start=\"3759\" data-end=\"3824\">Es gilt das Recht von Malta unter Ausschluss des UN-Kaufrechts.<\/p><p data-start=\"3826\" data-end=\"3949\">Gerichtsstand f\u00fcr alle Streitigkeiten aus oder im Zusammenhang mit diesem Vertrag ist \u2013 soweit gesetzlich zul\u00e4ssig \u2013 Malta.<\/p><p data-start=\"3956\" data-end=\"3967\"><strong data-start=\"3956\" data-end=\"3967\">Kontakt<\/strong><\/p><p data-start=\"3969\" data-end=\"4045\">Bei Fragen zu diesen AGB wenden Sie sich bitte ausschlie\u00dflich per E-Mail an:<br \/>akademie@juliafratichelli.com<\/p>\t\t\t\t\t\t\t\t<\/div>\n\t\t\t\t<\/div>\n\t\t\t\t<div class=\"elementor-element elementor-element-f975fbe elementor-widget-divider--view-line elementor-widget elementor-widget-divider\" data-id=\"f975fbe\" data-element_type=\"widget\" data-e-type=\"widget\" data-widget_type=\"divider.default\">\n\t\t\t\t<div class=\"elementor-widget-container\">\n\t\t\t\t\t\t\t<div class=\"elementor-divider\">\n\t\t\t<span class=\"elementor-divider-separator\">\n\t\t\t\t\t\t<\/span>\n\t\t<\/div>\n\t\t\t\t\t\t<\/div>\n\t\t\t\t<\/div>\n\t\t\t\t<div class=\"elementor-element elementor-element-8d84b5c elementor-widget elementor-widget-heading\" data-id=\"8d84b5c\" data-element_type=\"widget\" data-e-type=\"widget\" data-widget_type=\"heading.default\">\n\t\t\t\t<div class=\"elementor-widget-container\">\n\t\t\t\t\t<h2 class=\"elementor-heading-title elementor-size-default\">Terms &amp; Payment Agreement for Online Courses<br>(ENGLISH Version)<\/h2>\t\t\t\t<\/div>\n\t\t\t\t<\/div>\n\t\t\t\t<div class=\"elementor-element elementor-element-3cc8807 elementor-widget elementor-widget-text-editor\" data-id=\"3cc8807\" data-element_type=\"widget\" data-e-type=\"widget\" data-widget_type=\"text-editor.default\">\n\t\t\t\t<div class=\"elementor-widget-container\">\n\t\t\t\t\t\t\t\t\t<p data-start=\"148\" data-end=\"174\"><strong data-start=\"148\" data-end=\"174\">1. Contracting Parties<\/strong><\/p><p data-start=\"176\" data-end=\"215\">This agreement is entered into between:<\/p><p data-start=\"217\" data-end=\"355\">Provider: Fratichelli Education Ltd.<br data-start=\"253\" data-end=\"256\" \/>Customer: Any natural or legal person who makes a payment and receives access to the online course.<\/p><p data-start=\"362\" data-end=\"392\"><strong data-start=\"362\" data-end=\"392\">2. Description of Services<\/strong><\/p><p data-start=\"394\" data-end=\"489\">The provider makes an online course available to the customer in the form of digital content.<\/p><p data-start=\"491\" data-end=\"581\">The content is generally made available to the customer for an unlimited period of time.<\/p><p data-start=\"583\" data-end=\"736\">Payment for the course is made as a one-time fee. There are no additional or hidden costs. Installment payments may be offered depending on the course.<\/p><p data-start=\"738\" data-end=\"824\">The customer receives access to the initial course content after successful payment.<\/p><p data-start=\"826\" data-end=\"1090\">The provider reserves the right to release content gradually as part of a \u201cdrip release\u201d system to ensure a structured learning experience. In this case, modules or lessons are released at regular intervals (e.g., weekly) until all content has been made available.<\/p><p data-start=\"1097\" data-end=\"1131\"><strong data-start=\"1097\" data-end=\"1131\">3. Advance Payment &amp; Invoicing<\/strong><\/p><p data-start=\"1133\" data-end=\"1193\">Services are provided exclusively against advance payment.<\/p><p data-start=\"1195\" data-end=\"1312\">(Partial) access to the course content is granted immediately upon receipt of payment (see section \u201cDrip Release\u201d).<\/p><p data-start=\"1314\" data-end=\"1434\">Invoices are issued automatically via email to the email address provided by the customer during the checkout process.<\/p><p data-start=\"1436\" data-end=\"1625\">The customer is responsible for providing a correct and valid email address. The provider assumes no liability for errors in the email address provided or for any resulting delivery issues.<\/p><p data-start=\"1632\" data-end=\"1669\"><strong data-start=\"1632\" data-end=\"1669\">4. Service Period &amp; Access Rights<\/strong><\/p><p data-start=\"1671\" data-end=\"1756\">The customer receives access to the initial course content upon receipt of payment.<\/p><p data-start=\"1758\" data-end=\"1855\">If applicable, the full content is made available gradually as part of the drip release system.<\/p><p data-start=\"1857\" data-end=\"1998\">Access to the course content is granted for an unlimited period, subject to the continued technical and economic operation of the platform.<\/p><p data-start=\"2000\" data-end=\"2098\">The provider does not guarantee permanent availability of the content in cases beyond its control.<\/p><p data-start=\"2105\" data-end=\"2146\"><strong data-start=\"2105\" data-end=\"2146\">5. No Additional Costs or Obligations<\/strong><\/p><p data-start=\"2148\" data-end=\"2251\">The one-time payment does not result in any additional costs or ongoing obligations for the customer.<\/p><p data-start=\"2253\" data-end=\"2297\">In particular, no subscription is created.<\/p><p data-start=\"2299\" data-end=\"2519\">If installment payments are agreed upon, the customer is obligated to pay the agreed installments in the amount and at the times specified during the purchase process until the total purchase price has been paid in full.<\/p><p data-start=\"2526\" data-end=\"2562\"><strong data-start=\"2526\" data-end=\"2562\">6. Right of Withdrawal &amp; Refunds<\/strong><\/p><p data-start=\"2564\" data-end=\"2642\">The services provided are digital content not supplied on a physical medium.<\/p><p data-start=\"2644\" data-end=\"2936\">The customer expressly agrees that the provider begins performance of the contract before the withdrawal period expires. At the same time, the customer acknowledges that by giving this consent, they lose their right of withdrawal in accordance with \u00a7 356 (5) of the German Civil Code (BGB).<\/p><p data-start=\"2938\" data-end=\"3052\">Refunds are generally excluded. This applies regardless of whether all content has already been released or not.<\/p><p data-start=\"3054\" data-end=\"3211\">The customer acknowledges that content may be provided gradually (\u201cdrip release\u201d) and that there is no entitlement to immediate full access to all content.<\/p><p data-start=\"3213\" data-end=\"3364\">The provider reserves the right to grant a full or partial refund in individual cases at its sole discretion. There is no entitlement to such a refund.<\/p><p data-start=\"3371\" data-end=\"3406\"><strong data-start=\"3371\" data-end=\"3406\">7. Governing Law &amp; Jurisdiction<\/strong><\/p><p data-start=\"3408\" data-end=\"3543\">This agreement is governed by the laws of Malta, excluding the UN Convention on Contracts for the International Sale of Goods (CISG).<\/p><p data-start=\"3545\" data-end=\"3687\">To the extent permitted by law, the place of jurisdiction for all disputes arising out of or in connection with this agreement shall be Malta.<\/p><p data-start=\"3694\" data-end=\"3705\"><strong data-start=\"3694\" data-end=\"3705\">Kontakt<\/strong><\/p><p data-start=\"3707\" data-end=\"3811\">For any questions regarding these Terms and Conditions, please contact support exclusively via email at:<br \/>academy@juliafratichelli.com<\/p>\t\t\t\t\t\t\t\t<\/div>\n\t\t\t\t<\/div>\n\t\t\t\t\t<\/div>\n\t\t<\/div>\n\t\t\t\t\t<\/div>\n\t\t<\/section>\n\t\t\t\t<\/div>","protected":false},"excerpt":{"rendered":"<p>AGB &amp; Zahlungsvereinbarung f\u00fcr Online-Kurse 1. Vertragsparteien Diese Vereinbarung wird geschlossen zwischen: Anbieter: Fratichelli Education Ltd.Kunde: Jede nat\u00fcrliche oder juristische Person, die eine Zahlung t\u00e4tigt und Zugang zum Online-Kurs erh\u00e4lt. 2. Leistungsbeschreibung Der Anbieter stellt dem Kunden einen Online-Kurs in Form digitaler Inhalte zur Verf\u00fcgung. Die Inhalte werden dem Kunden grunds\u00e4tzlich zeitlich unbefristet bereitgestellt. Die [&hellip;]<\/p>\n","protected":false},"author":1,"featured_media":0,"parent":0,"menu_order":0,"comment_status":"closed","ping_status":"closed","template":"elementor_canvas","meta":{"footnotes":""},"folder":[236],"class_list":["post-16247","page","type-page","status-publish","hentry","wpbf-post"],"_links":{"self":[{"href":"https:\/\/juliafratichelli.com\/de\/wp-json\/wp\/v2\/pages\/16247","targetHints":{"allow":["GET"]}}],"collection":[{"href":"https:\/\/juliafratichelli.com\/de\/wp-json\/wp\/v2\/pages"}],"about":[{"href":"https:\/\/juliafratichelli.com\/de\/wp-json\/wp\/v2\/types\/page"}],"author":[{"embeddable":true,"href":"https:\/\/juliafratichelli.com\/de\/wp-json\/wp\/v2\/users\/1"}],"replies":[{"embeddable":true,"href":"https:\/\/juliafratichelli.com\/de\/wp-json\/wp\/v2\/comments?post=16247"}],"version-history":[{"count":8,"href":"https:\/\/juliafratichelli.com\/de\/wp-json\/wp\/v2\/pages\/16247\/revisions"}],"predecessor-version":[{"id":16255,"href":"https:\/\/juliafratichelli.com\/de\/wp-json\/wp\/v2\/pages\/16247\/revisions\/16255"}],"wp:attachment":[{"href":"https:\/\/juliafratichelli.com\/de\/wp-json\/wp\/v2\/media?parent=16247"}],"wp:term":[{"taxonomy":"folder","embeddable":true,"href":"https:\/\/juliafratichelli.com\/de\/wp-json\/wp\/v2\/folder?post=16247"}],"curies":[{"name":"wp","href":"https:\/\/api.w.org\/{rel}","templated":true}]}}