{"id":3214,"date":"2020-07-23T11:55:05","date_gmt":"2020-07-23T09:55:05","guid":{"rendered":"https:\/\/juliafratichelli.com\/?page_id=3214"},"modified":"2025-06-14T16:42:55","modified_gmt":"2025-06-14T14:42:55","slug":"cancel","status":"publish","type":"page","link":"https:\/\/juliafratichelli.com\/de\/cancel\/","title":{"rendered":"Widerrufsbelehrung"},"content":{"rendered":"<div data-elementor-type=\"wp-page\" data-elementor-id=\"3214\" class=\"elementor elementor-3214\" data-elementor-post-type=\"page\">\n\t\t\t\t\t\t<section class=\"elementor-section elementor-top-section elementor-element elementor-element-0858a90 elementor-section-boxed elementor-section-height-default elementor-section-height-default\" data-id=\"0858a90\" data-element_type=\"section\" data-e-type=\"section\">\n\t\t\t\t\t\t<div class=\"elementor-container elementor-column-gap-default\">\n\t\t\t\t\t<div class=\"elementor-column elementor-col-100 elementor-top-column elementor-element elementor-element-0bc7ef1\" data-id=\"0bc7ef1\" data-element_type=\"column\" data-e-type=\"column\">\n\t\t\t<div class=\"elementor-widget-wrap elementor-element-populated\">\n\t\t\t\t\t\t<div class=\"elementor-element elementor-element-f0d6fdc elementor-widget elementor-widget-heading\" data-id=\"f0d6fdc\" data-element_type=\"widget\" data-e-type=\"widget\" data-widget_type=\"heading.default\">\n\t\t\t\t<div class=\"elementor-widget-container\">\n\t\t\t\t\t<h2 class=\"elementor-heading-title elementor-size-default\">Widerrufsbelehrung\n<\/h2>\t\t\t\t<\/div>\n\t\t\t\t<\/div>\n\t\t\t\t<div class=\"elementor-element elementor-element-b2772d6 elementor-widget elementor-widget-text-editor\" data-id=\"b2772d6\" data-element_type=\"widget\" data-e-type=\"widget\" data-widget_type=\"text-editor.default\">\n\t\t\t\t<div class=\"elementor-widget-container\">\n\t\t\t\t\t\t\t\t\t<p>Widerrufsrecht<br>Sie haben das Recht, binnen vierzehn Tagen ohne Angabe von Gr\u00fcnden diesen Vertrag mit Julia Fratichelli zu widerrufen. Die Widerrufsfrist betr\u00e4gt vierzehn Tage ab dem Tag des Vertragsabschlusses.<\/p>\n<p>Sollte jedoch die (An-)Zahlung bereits geleistet worden sein, ist eine Stornierung durch den Kunden nicht mehr m\u00f6glich. Sollte Julia Fratichelli einen Termin absagen m\u00fcssen, werden die Gesamtkosten erstattet. Kulanzregelungen sind m\u00f6glich, jedoch ohne Gew\u00e4hr und nach eigenem Ermessen von Julia Fratichelli.<\/p>\n<p>Um Ihr Widerrufsrecht auszu\u00fcben, m\u00fcssen Sie Fratichelli Education Ltd. mittels einer eindeutigen Erkl\u00e4rung, via E-Mail \u00fcber das Kontaktformular unserer Website, \u00fcber Ihren Entschluss, diesen Vertrag zu widerrufen, informieren. Ein bestimmtes Format hierf\u00fcr ist nicht vorgegeben.<\/p>\n<p>Zur Wahrung der Widerrufsfrist reicht es aus, dass Sie die Mitteilung \u00fcber die Aus\u00fcbung des Widerrufsrechts vor Ablauf der Widerrufsfrist absenden (Email Datum).<\/p>\n<p>Das Widerrufsrecht gilt nicht f\u00fcr:<\/p>\n<p>\u2022 Coaching- und Styling -Angebote bei denen eine (An-)Zahlung bereits geleistet wurde.<br>\u2022 Digitale Produkte, die bereits bezahlt\/ gekauft wurden (automatischer Zugang).<br>\u2022 Services, die bereits begonnen haben.<\/p>\n<p>Folgen des Widerrufs<br>Wenn Sie diesen Vertrag widerrufen, haben wir Ihnen alle Zahlungen, die wir von Ihnen erhalten haben, unverz\u00fcglich und sp\u00e4testens binnen vierzehn Tagen ab dem Tag zur\u00fcckzuzahlen, an dem die Mitteilung \u00fcber Ihren Widerruf dieses Vertrags bei uns eingegangen ist. F\u00fcr diese R\u00fcckzahlung verwenden wir dasselbe Zahlungsmittel, das Sie bei der urspr\u00fcnglichen Transaktion eingesetzt haben, es sei denn, mit Ihnen wurde ausdr\u00fccklich etwas anderes vereinbart; in keinem Fall werden Ihnen wegen dieser R\u00fcckzahlung Entgelte berechnet.<\/p>\n<p>&#8212;&#8212;&#8212;<\/p>\n<p>Muster-Widerrufsformular:<\/p>\n<p>(Wenn Sie vom Vertrag zur\u00fccktreten m\u00f6chten, k\u00f6nnen Sie diese Vorlage kopieren und in Ihre E-Mail einf\u00fcgen).<\/p>\n<p>An: Julia Fratichelli<br>E-mail: siehe Kontaktformular<\/p>\n<p>\u2022 Hiermit widerrufe(n) ich\/wir () meinen\/unseren () Kaufvertrag \u00fcber die folgenden Waren ()\/die Erbringung der folgenden Dienstleistung ()<br>\u2022 Bestellt am ()\/erhalten am ()<br>\u2022 Name des\/der Verbraucher(s)<br>\u2022 Anschrift des\/der Verbraucher(s)<br>\u2022 Unterschrift des\/der Verbraucher(s) (nur wenn dieses Formular auf Papier \u00fcbermittelt wird)<br>\u2022 Datum<\/p>\n<p>(*) Nichtzutreffendes streichen.<\/p>\t\t\t\t\t\t\t\t<\/div>\n\t\t\t\t<\/div>\n\t\t\t\t\t<\/div>\n\t\t<\/div>\n\t\t\t\t\t<\/div>\n\t\t<\/section>\n\t\t\t\t<\/div>","protected":false},"excerpt":{"rendered":"<p>Cancellation Policy Right of WithdrawalYou have the right to withdraw from this contract with Julia Fratichelli within fourteen days without giving any reason. The withdrawal period is fourteen days from the day of the conclusion of the contract. However, after a deposit or full payment is made, cancellation by the customer is no longer possible. [&hellip;]<\/p>\n","protected":false},"author":1,"featured_media":0,"parent":0,"menu_order":0,"comment_status":"closed","ping_status":"closed","template":"","meta":{"footnotes":""},"folder":[236],"class_list":["post-3214","page","type-page","status-publish","hentry","wpbf-post"],"_links":{"self":[{"href":"https:\/\/juliafratichelli.com\/de\/wp-json\/wp\/v2\/pages\/3214","targetHints":{"allow":["GET"]}}],"collection":[{"href":"https:\/\/juliafratichelli.com\/de\/wp-json\/wp\/v2\/pages"}],"about":[{"href":"https:\/\/juliafratichelli.com\/de\/wp-json\/wp\/v2\/types\/page"}],"author":[{"embeddable":true,"href":"https:\/\/juliafratichelli.com\/de\/wp-json\/wp\/v2\/users\/1"}],"replies":[{"embeddable":true,"href":"https:\/\/juliafratichelli.com\/de\/wp-json\/wp\/v2\/comments?post=3214"}],"version-history":[{"count":29,"href":"https:\/\/juliafratichelli.com\/de\/wp-json\/wp\/v2\/pages\/3214\/revisions"}],"predecessor-version":[{"id":13434,"href":"https:\/\/juliafratichelli.com\/de\/wp-json\/wp\/v2\/pages\/3214\/revisions\/13434"}],"wp:attachment":[{"href":"https:\/\/juliafratichelli.com\/de\/wp-json\/wp\/v2\/media?parent=3214"}],"wp:term":[{"taxonomy":"folder","embeddable":true,"href":"https:\/\/juliafratichelli.com\/de\/wp-json\/wp\/v2\/folder?post=3214"}],"curies":[{"name":"wp","href":"https:\/\/api.w.org\/{rel}","templated":true}]}}