{"id":479,"date":"2019-05-01T17:21:39","date_gmt":"2019-05-01T15:21:39","guid":{"rendered":"https:\/\/juliafratichelli.com\/?page_id=479"},"modified":"2026-03-16T18:22:30","modified_gmt":"2026-03-16T17:22:30","slug":"agb","status":"publish","type":"page","link":"https:\/\/juliafratichelli.com\/de\/agb\/","title":{"rendered":"AGB"},"content":{"rendered":"<div data-elementor-type=\"wp-post\" data-elementor-id=\"479\" class=\"elementor elementor-479\" data-elementor-post-type=\"page\">\n\t\t\t\t\t\t<section class=\"elementor-section elementor-top-section elementor-element elementor-element-2beccb63 elementor-section-boxed elementor-section-height-default elementor-section-height-default\" data-id=\"2beccb63\" data-element_type=\"section\" data-e-type=\"section\">\n\t\t\t\t\t\t<div class=\"elementor-container elementor-column-gap-default\">\n\t\t\t\t\t<div class=\"elementor-column elementor-col-100 elementor-top-column elementor-element elementor-element-5ed6d0e9\" data-id=\"5ed6d0e9\" data-element_type=\"column\" data-e-type=\"column\">\n\t\t\t<div class=\"elementor-widget-wrap elementor-element-populated\">\n\t\t\t\t\t\t<div class=\"elementor-element elementor-element-70202c2 elementor-widget elementor-widget-heading\" data-id=\"70202c2\" data-element_type=\"widget\" data-e-type=\"widget\" data-widget_type=\"heading.default\">\n\t\t\t\t<div class=\"elementor-widget-container\">\n\t\t\t\t\t<h2 class=\"elementor-heading-title elementor-size-default\">AGB <\/h2>\t\t\t\t<\/div>\n\t\t\t\t<\/div>\n\t\t\t\t<div class=\"elementor-element elementor-element-6f48fa1 elementor-widget elementor-widget-text-editor\" data-id=\"6f48fa1\" data-element_type=\"widget\" data-e-type=\"widget\" data-widget_type=\"text-editor.default\">\n\t\t\t\t<div class=\"elementor-widget-container\">\n\t\t\t\t\t\t\t\t\t<p>1. Geltungsbereich<\/p>\n<p>Diese Allgemeinen Gesch\u00e4ftsbedingungen (AGB) gelten f\u00fcr alle Vertr\u00e4ge, Lieferungen und sonstige Leistungen zwischen Fratichelli Education Ltd. und ihren Kunden. Abweichende Bedingungen der Kunden gelten nur, wenn Fratichelli Education Ltd. diesen ausdr\u00fccklich und schriftlich zustimmt.<\/p>\n<p>2. Vertragsabschluss<\/p>\n<p>Die Darstellung der Dienstleistungen auf der Website stellt kein rechtlich bindendes Angebot, sondern einen unverbindlichen Online-Katalog dar. Durch Anklicken des Bestellbuttons gibt der Kunde eine verbindliche Bestellung der auf der Bestellseite aufgelisteten Dienstleistungen ab. Der Vertrag kommt erst zustande, wenn Fratichelli Education Ltd. die Bestellung durch eine Auftragsbest\u00e4tigung per E-Mail annimmt.<\/p>\n<p>3. Leistungen und Preise<\/p>\n<p>Fratichelli Education Ltd. bietet offline Coaching, Online Kurse und Online Mitgliedschaften f\u00fcr Stylisten und andere professionelle Personen an. Die Preise werden individuell nach vorheriger Absprache festgelegt oder sind bereits festgelegt und auf den jeweiligen Produktseiten ersichtlich. Ob die Preise inkl. oder exkl. der Mehrwertsteuer sind, wird auf der jeweiligen Angebotsseite erkl\u00e4rt.<\/p>\n<p>4. Zahlungsbedingungen<\/p>\n<p>Die Zahlungsbedingungen sind individuell festgelegt und auf der jeweiligen Verkaufsseite aufgef\u00fchrt. Diese k\u00f6nnen sich jederzeit \u00e4ndern. Zahlungen m\u00fcssen im Voraus erfolgen, bevor der Zugang zu den Schulungsinhalten gew\u00e4hrt wird.<\/p>\n<p>5. Haftung und Gew\u00e4hrleistung<\/p>\n<p>Fratichelli Education Ltd. schlie\u00dft die Haftung f\u00fcr leicht fahrl\u00e4ssige Pflichtverletzungen aus, sofern diese keine vertragswesentlichen Pflichten (Kardinalpflichten), Sch\u00e4den aus der Verletzung des Lebens, des K\u00f6rpers oder der Gesundheit oder Garantien betreffen oder Anspr\u00fcche nach dem Produkthaftungsgesetz ber\u00fchrt sind. Bei Verletzung wesentlicher Vertragspflichten haftet Fratichelli Education Ltd. nur auf den vertragstypischen, vorhersehbaren Schaden. Eine weitergehende Haftung ist ausgeschlossen. Fratichelli Education Ltd. \u00fcbernimmt keine Gew\u00e4hrleistung f\u00fcr die erbrachten Dienstleistungen.<\/p>\n<p>6. Datenschutz<\/p>\n<p>Die Datenschutzrichtlinien sind auf einer gesonderten Datenschutz-Seite auf der Homepage einsehbar. Kundendaten werden vertraulich und gem\u00e4\u00df den gesetzlichen Datenschutzbestimmungen behandelt.<\/p>\n<p>7. Gerichtsstand und anwendbares Recht<\/p>\n<p>F\u00fcr alle Streitigkeiten aus Vertragsverh\u00e4ltnissen zwischen dem Kunden und Fratichelli Education Ltd. gilt das Recht Maltas. Der Gerichtsstand ist, soweit gesetzlich zul\u00e4ssig, der Gesch\u00e4ftssitz von Fratichelli Education Ltd. in Valletta, Malta.<\/p>\n<p>8. Salvatorische Klausel<\/p>\n<p>Sollte eine Bestimmung dieser AGB unwirksam sein, so bleibt der Vertrag im \u00dcbrigen wirksam. Anstelle der unwirksamen Bestimmung gelten die einschl\u00e4gigen gesetzlichen Vorschriften.<\/p>\n<p>9. Geistiges Eigentum &amp; Nutzungsrechte<\/p>\n<p>Alle von Fratichelli Education Ltd. bereitgestellten Inhalte \u2013 einschlie\u00dflich, aber nicht beschr\u00e4nkt auf Online-Kurse, Tutorials, Videos, Fotografien, Texte, Designs, Grafiken, Social Media Inhalt und herunterladbare Materialien \u2013 sind durch internationale Urheberrechts- und Eigentumsgesetze gesch\u00fctzt.<\/p>\n<p data-start=\"3699\" data-end=\"3770\">Sofern nicht ausdr\u00fccklich schriftlich von Fratichelli Education Ltd. genehmigt, gilt Folgendes:<\/p>\n<ul data-start=\"3771\" data-end=\"4246\">\n<li data-start=\"3771\" data-end=\"3900\">\n<p data-start=\"3773\" data-end=\"3900\">Die Vervielf\u00e4ltigung, Verbreitung, Ver\u00e4nderung, der Weiterverkauf, die Wiederver\u00f6ffentlichung oder jegliche kommerzielle Nutzung der Inhalte ist strengstens untersagt.<\/p>\n<\/li>\n<li data-start=\"3901\" data-end=\"4091\">\n<p data-start=\"3903\" data-end=\"4091\">Das Einbetten, Verlinken oder Anzeigen der Inhalte (einschlie\u00dflich Video-Tutorials oder Bildmaterial) innerhalb von kostenpflichtigen oder monetarisierten Plattformen, Anwendungen oder Online-Umgebungen ist nicht gestattet.<\/p>\n<\/li>\n<li data-start=\"4092\" data-end=\"4246\">\n<p data-start=\"4094\" data-end=\"4246\">Kunden erhalten eine nicht \u00fcbertragbare, pers\u00f6nliche Lizenz, die ausschlie\u00dflich den Zugriff auf die erworbenen Inhalte und deren Nutzung zu eigenen Lernzwecken erlaubt.<\/p>\n<\/li>\n<\/ul>\n<p data-start=\"4248\" data-end=\"4590\">Jegliche unautorisierte Nutzung, Verbreitung oder Reproduktion der Materialien von Fratichelli Education Ltd. kann zivil- und strafrechtliche Konsequenzen nach sich ziehen. Fratichelli Education Ltd. beh\u00e4lt sich das Recht vor, rechtliche Schritte einzuleiten \u2013 einschlie\u00dflich Schadensersatzforderungen, Unterlassungsklagen und DMCA-Takedowns \u2013 um die eigenen Rechte zu sch\u00fctzen.<\/p>\n<p>11. \u00c4nderungen der AGB<\/p>\n<p>Fratichelli Education Ltd. beh\u00e4lt sich das Recht vor, diese AGB jederzeit zu \u00e4ndern. Die \u00c4nderungen werden ohne vorherige Ank\u00fcndigung wirksam.<\/p>\n<p>www.juliafratichelli.com<\/p>\t\t\t\t\t\t\t\t<\/div>\n\t\t\t\t<\/div>\n\t\t\t\t\t<\/div>\n\t\t<\/div>\n\t\t\t\t\t<\/div>\n\t\t<\/section>\n\t\t\t\t<\/div>","protected":false},"excerpt":{"rendered":"<p>Terms &#038; Conditions 1. Scope These Terms and Conditions apply to all contracts, deliveries, and other services between Fratichelli Education Ltd. and their customers. Deviating conditions of the customers are only valid if Fratichelli Education Ltd. expressly agrees to them in writing. 2. Conclusion of Contract The presentation of services on the website does not [&hellip;]<\/p>\n","protected":false},"author":1,"featured_media":0,"parent":0,"menu_order":0,"comment_status":"closed","ping_status":"closed","template":"elementor_canvas","meta":{"footnotes":""},"folder":[236],"class_list":["post-479","page","type-page","status-publish","hentry","wpbf-post"],"_links":{"self":[{"href":"https:\/\/juliafratichelli.com\/de\/wp-json\/wp\/v2\/pages\/479","targetHints":{"allow":["GET"]}}],"collection":[{"href":"https:\/\/juliafratichelli.com\/de\/wp-json\/wp\/v2\/pages"}],"about":[{"href":"https:\/\/juliafratichelli.com\/de\/wp-json\/wp\/v2\/types\/page"}],"author":[{"embeddable":true,"href":"https:\/\/juliafratichelli.com\/de\/wp-json\/wp\/v2\/users\/1"}],"replies":[{"embeddable":true,"href":"https:\/\/juliafratichelli.com\/de\/wp-json\/wp\/v2\/comments?post=479"}],"version-history":[{"count":47,"href":"https:\/\/juliafratichelli.com\/de\/wp-json\/wp\/v2\/pages\/479\/revisions"}],"predecessor-version":[{"id":15759,"href":"https:\/\/juliafratichelli.com\/de\/wp-json\/wp\/v2\/pages\/479\/revisions\/15759"}],"wp:attachment":[{"href":"https:\/\/juliafratichelli.com\/de\/wp-json\/wp\/v2\/media?parent=479"}],"wp:term":[{"taxonomy":"folder","embeddable":true,"href":"https:\/\/juliafratichelli.com\/de\/wp-json\/wp\/v2\/folder?post=479"}],"curies":[{"name":"wp","href":"https:\/\/api.w.org\/{rel}","templated":true}]}}