{"id":481,"date":"2019-05-01T17:50:37","date_gmt":"2019-05-01T17:50:37","guid":{"rendered":"https:\/\/juliafratichelli.com\/?page_id=481"},"modified":"2026-03-25T19:55:42","modified_gmt":"2026-03-25T18:55:42","slug":"legal","status":"publish","type":"page","link":"https:\/\/juliafratichelli.com\/de\/legal\/","title":{"rendered":"Impressum"},"content":{"rendered":"<div data-elementor-type=\"wp-post\" data-elementor-id=\"481\" class=\"elementor elementor-481\" data-elementor-post-type=\"page\">\n\t\t\t\t\t\t<section class=\"elementor-section elementor-top-section elementor-element elementor-element-d80cb43 elementor-section-boxed elementor-section-height-default elementor-section-height-default\" data-id=\"d80cb43\" data-element_type=\"section\" data-e-type=\"section\">\n\t\t\t\t\t\t<div class=\"elementor-container elementor-column-gap-default\">\n\t\t\t\t\t<div class=\"elementor-column elementor-col-100 elementor-top-column elementor-element elementor-element-7246544c\" data-id=\"7246544c\" data-element_type=\"column\" data-e-type=\"column\">\n\t\t\t<div class=\"elementor-widget-wrap elementor-element-populated\">\n\t\t\t\t\t\t<div class=\"elementor-element elementor-element-5393be4 elementor-widget elementor-widget-heading\" data-id=\"5393be4\" data-element_type=\"widget\" data-e-type=\"widget\" data-widget_type=\"heading.default\">\n\t\t\t\t<div class=\"elementor-widget-container\">\n\t\t\t\t\t<h2 class=\"elementor-heading-title elementor-size-default\">Rechtliche Hinweise (Impressum)<\/h2>\t\t\t\t<\/div>\n\t\t\t\t<\/div>\n\t\t\t\t<div class=\"elementor-element elementor-element-5ecccd2 elementor-widget elementor-widget-text-editor\" data-id=\"5ecccd2\" data-element_type=\"widget\" data-e-type=\"widget\" data-widget_type=\"text-editor.default\">\n\t\t\t\t<div class=\"elementor-widget-container\">\n\t\t\t\t\t\t\t\t\t<p>Julia Fratichelli<br \/>Fratichelli Education Ltd.<br \/>86 Triq-Il Merkanti<br \/>Valletta, VLT 1177\u00a0<br \/>Malta<\/p><p>VAT: MT31966429<\/p><p>Internet: www.juliafratichelli.com | Email: siehe Kontaktformular<\/p><p>Berufsbezeichnung: Makeup Artist | Friseurmeisterin (Bundesrepublik Deutschland)<\/p><p>Berufsordnung: Handwerksordnung<\/p><p>(Bundesgesetzblatt I, Seite 3074, in der Fassung vom 24. September 1998)<\/p><p>Inhaltlich Verantwortlicher gem\u00e4\u00df \u00a7 55 Abs. 2 RStV:<br \/>Julia Fratichelli<\/p><p>Haftungshinweis: Trotz sorgf\u00e4ltiger inhaltlicher Kontrolle \u00fcbernehmen wir keine Haftung f\u00fcr die Inhalte externer Links. F\u00fcr den Inhalt der verlinkten Seiten sind ausschlie\u00dflich deren Betreiber verantwortlich.<\/p><p>Rechtshinweis: S\u00e4mtliche Texte und Bilder auf www.juliafratichelli.com sind urheberrechtlich gesch\u00fctzt.<\/p><p>Die Europ\u00e4ische Kommission stellt eine Plattform zur Online-Streitbeilegung (OS) bereit: <br \/>https:\/\/ec.europa.eu\/consumers\/odr\/<\/p><p>www.juliafratichelli.com<\/p>\t\t\t\t\t\t\t\t<\/div>\n\t\t\t\t<\/div>\n\t\t\t\t\t<\/div>\n\t\t<\/div>\n\t\t\t\t\t<\/div>\n\t\t<\/section>\n\t\t\t\t<\/div>","protected":false},"excerpt":{"rendered":"<p>Legal Notice (Impressum) Julia FratichelliFratichelli Education Ltd.86 Triq-Il MerkantiValletta, VLT 1177\u00a0Malta VAT: MT31966429 Internet: www.juliafratichelli.com | Email: see contact form Professional Title: Makeup Artist | Master Hairdresser &#8220;Meister&#8221; (awarded in the Federal Republic of Germany) Professional Regulations: Craft Regulations (Handwerksordnung) (Federal Law Gazette I, page 3074, as amended on September 24, 1998) Content Responsible Person [&hellip;]<\/p>\n","protected":false},"author":1,"featured_media":0,"parent":0,"menu_order":0,"comment_status":"closed","ping_status":"closed","template":"","meta":{"footnotes":""},"folder":[236],"class_list":["post-481","page","type-page","status-publish","hentry","wpbf-post"],"_links":{"self":[{"href":"https:\/\/juliafratichelli.com\/de\/wp-json\/wp\/v2\/pages\/481","targetHints":{"allow":["GET"]}}],"collection":[{"href":"https:\/\/juliafratichelli.com\/de\/wp-json\/wp\/v2\/pages"}],"about":[{"href":"https:\/\/juliafratichelli.com\/de\/wp-json\/wp\/v2\/types\/page"}],"author":[{"embeddable":true,"href":"https:\/\/juliafratichelli.com\/de\/wp-json\/wp\/v2\/users\/1"}],"replies":[{"embeddable":true,"href":"https:\/\/juliafratichelli.com\/de\/wp-json\/wp\/v2\/comments?post=481"}],"version-history":[{"count":29,"href":"https:\/\/juliafratichelli.com\/de\/wp-json\/wp\/v2\/pages\/481\/revisions"}],"predecessor-version":[{"id":16246,"href":"https:\/\/juliafratichelli.com\/de\/wp-json\/wp\/v2\/pages\/481\/revisions\/16246"}],"wp:attachment":[{"href":"https:\/\/juliafratichelli.com\/de\/wp-json\/wp\/v2\/media?parent=481"}],"wp:term":[{"taxonomy":"folder","embeddable":true,"href":"https:\/\/juliafratichelli.com\/de\/wp-json\/wp\/v2\/folder?post=481"}],"curies":[{"name":"wp","href":"https:\/\/api.w.org\/{rel}","templated":true}]}}